{"id":124,"date":"2024-09-17T12:27:24","date_gmt":"2024-09-17T12:27:24","guid":{"rendered":"https:\/\/www.towerpolska.pl\/?post_type=product&#038;p=124"},"modified":"2024-09-17T12:27:24","modified_gmt":"2024-09-17T12:27:24","slug":"czajnik-elektryczny-tower-empire-t10052blk-3000-w-17-l-czarny","status":"publish","type":"product","link":"https:\/\/www.towerpolska.pl\/?product=czajnik-elektryczny-tower-empire-t10052blk-3000-w-17-l-czarny","title":{"rendered":"Czajnik elektryczny Tower Empire T10052BLK 3000 W 1,7 l czarny"},"content":{"rendered":"<div class=\"mpof_ki myre_zn myre_8v_l m389_6m_l\">\n<div class=\"mp4t_16_s mryx_16_s mr3m_1 mli2_1 mh85_56 mh85_0_l\">\n<div class=\"mg9e_8 mj7a_8 mg9e_0_s mvrt_0_s mj7a_0_s mh36_0_s mzmg_6m munh_16_l m3h2_16_l\">\n<div class=\"mp4t_0 mryx_0 munh_56 m3h2_56\">\n<div class=\"mp7g_oh\"><img decoding=\"async\" class=\"msub_k4 mupj_5k mjru_k4 mse2_k4 mp7g_f6 mq1m_0 mj7u_0 m7er_k4 lazyloaded\" src=\"https:\/\/a.allegroimg.com\/original\/116391\/719b668846879ea872cb9fe9ab9d\/Czajnik-elektryczny-Tower-Empire-T10052BLK-3000-W-1-7-l-czarny-EAN-GTIN-5056032963313\" sizes=\"(min-width: 1200px) 560px, (min-width: 992px) 50vw, 100vw\" srcset=\"https:\/\/a.allegroimg.com\/s360\/116391\/719b668846879ea872cb9fe9ab9d\/Czajnik-elektryczny-Tower-Empire-T10052BLK-3000-W-1-7-l-czarny-EAN-GTIN-5056032963313 360w,https:\/\/a.allegroimg.com\/s720\/116391\/719b668846879ea872cb9fe9ab9d\/Czajnik-elektryczny-Tower-Empire-T10052BLK-3000-W-1-7-l-czarny-EAN-GTIN-5056032963313 720w,https:\/\/a.allegroimg.com\/s1024\/116391\/719b668846879ea872cb9fe9ab9d\/Czajnik-elektryczny-Tower-Empire-T10052BLK-3000-W-1-7-l-czarny-EAN-GTIN-5056032963313 1024w,https:\/\/a.allegroimg.com\/s1440\/116391\/719b668846879ea872cb9fe9ab9d\/Czajnik-elektryczny-Tower-Empire-T10052BLK-3000-W-1-7-l-czarny-EAN-GTIN-5056032963313 1440w,https:\/\/a.allegroimg.com\/original\/116391\/719b668846879ea872cb9fe9ab9d\/Czajnik-elektryczny-Tower-Empire-T10052BLK-3000-W-1-7-l-czarny-EAN-GTIN-5056032963313 2000w\" alt=\"Czajnik elektryczny Tower Empire T10052BLK 3000 W 1,7 l czarny EAN (GTIN) 5056032963313\" width=\"2000px\" data-src=\"https:\/\/a.allegroimg.com\/original\/116391\/719b668846879ea872cb9fe9ab9d\/Czajnik-elektryczny-Tower-Empire-T10052BLK-3000-W-1-7-l-czarny-EAN-GTIN-5056032963313\" data-srcset=\"https:\/\/a.allegroimg.com\/s360\/116391\/719b668846879ea872cb9fe9ab9d\/Czajnik-elektryczny-Tower-Empire-T10052BLK-3000-W-1-7-l-czarny-EAN-GTIN-5056032963313 360w,https:\/\/a.allegroimg.com\/s720\/116391\/719b668846879ea872cb9fe9ab9d\/Czajnik-elektryczny-Tower-Empire-T10052BLK-3000-W-1-7-l-czarny-EAN-GTIN-5056032963313 720w,https:\/\/a.allegroimg.com\/s1024\/116391\/719b668846879ea872cb9fe9ab9d\/Czajnik-elektryczny-Tower-Empire-T10052BLK-3000-W-1-7-l-czarny-EAN-GTIN-5056032963313 1024w,https:\/\/a.allegroimg.com\/s1440\/116391\/719b668846879ea872cb9fe9ab9d\/Czajnik-elektryczny-Tower-Empire-T10052BLK-3000-W-1-7-l-czarny-EAN-GTIN-5056032963313 1440w,https:\/\/a.allegroimg.com\/original\/116391\/719b668846879ea872cb9fe9ab9d\/Czajnik-elektryczny-Tower-Empire-T10052BLK-3000-W-1-7-l-czarny-EAN-GTIN-5056032963313 2000w\" \/><\/div>\n<\/div>\n<\/div>\n<\/div>\n<div class=\"mp4t_16_s mryx_16_s mr3m_1 mli2_1 mh85_56 mh85_0_l\">\n<div class=\"mgn2_16 _0d3bd_am0a-\">\n<p><b>PROJEKT ART DECO<\/b><\/p>\n<p>Geometryczne wzornictwo inspirowane latami dwudziestymi z mosi\u0119\u017cnymi akcentami podniesie estetyk\u0119 Twojej kuchni.\u00a0Cz\u0119\u015b\u0107 ponadczasowej kolekcji Tower Empire z dopasowanymi wzorami w stylu Art Deco<\/p>\n<\/div>\n<\/div>\n<\/div>\n<div class=\"mpof_ki myre_zn myre_8v_l m389_6m_l\">\n<div class=\"mp4t_16_s mryx_16_s mr3m_1 mli2_1 mh85_56 mh85_0_l\">\n<div class=\"mgn2_16 _0d3bd_am0a-\">\n<p><b>TECHNOLOGIA SZYBKIEGO GOTOWANIA<\/b><\/p>\n<p>Wyposa\u017cony w pot\u0119\u017cn\u0105 funkcj\u0119 szybkiego gotowania, kt\u00f3ra umo\u017cliwia szybsze przygotowywanie napoj\u00f3w &#8211; mo\u017cesz szybko zagotowa\u0107 1 fili\u017cank\u0119 w mniej ni\u017c 45 sekund.<\/p>\n<p><b>POJEMNO\u015a\u0106 1,7L<\/b><\/p>\n<p>Du\u017ca pojemno\u015b\u0107 pozwala na przygotowanie a\u017c 7 gor\u0105cych napoj\u00f3w z jednego nape\u0142nienia, idealne dla rodzin i zapracowanych gospodarstw dom<\/p>\n<\/div>\n<\/div>\n<div class=\"mp4t_16_s mryx_16_s mr3m_1 mli2_1 mh85_56 mh85_0_l\">\n<div class=\"mg9e_8 mj7a_8 mg9e_0_s mvrt_0_s mj7a_0_s mh36_0_s mzmg_6m munh_16_l m3h2_16_l\">\n<div class=\"mp4t_0 mryx_0 munh_56 m3h2_56\">\n<div class=\"mp7g_oh\"><img decoding=\"async\" class=\"msub_k4 mupj_5k mjru_k4 mse2_k4 mp7g_f6 mq1m_0 mj7u_0 m7er_k4 lazyloaded\" src=\"https:\/\/a.allegroimg.com\/original\/112400\/aa1353c64ffba5c758bf74f61726\/Czajnik-elektryczny-Tower-Empire-T10052BLK-3000-W-1-7-l-czarny-Marka-Tower\" sizes=\"(min-width: 1200px) 560px, (min-width: 992px) 50vw, 100vw\" srcset=\"https:\/\/a.allegroimg.com\/s360\/112400\/aa1353c64ffba5c758bf74f61726\/Czajnik-elektryczny-Tower-Empire-T10052BLK-3000-W-1-7-l-czarny-Marka-Tower 360w,https:\/\/a.allegroimg.com\/s720\/112400\/aa1353c64ffba5c758bf74f61726\/Czajnik-elektryczny-Tower-Empire-T10052BLK-3000-W-1-7-l-czarny-Marka-Tower 720w,https:\/\/a.allegroimg.com\/s1024\/112400\/aa1353c64ffba5c758bf74f61726\/Czajnik-elektryczny-Tower-Empire-T10052BLK-3000-W-1-7-l-czarny-Marka-Tower 1024w,https:\/\/a.allegroimg.com\/s1440\/112400\/aa1353c64ffba5c758bf74f61726\/Czajnik-elektryczny-Tower-Empire-T10052BLK-3000-W-1-7-l-czarny-Marka-Tower 1440w,https:\/\/a.allegroimg.com\/original\/112400\/aa1353c64ffba5c758bf74f61726\/Czajnik-elektryczny-Tower-Empire-T10052BLK-3000-W-1-7-l-czarny-Marka-Tower 2000w\" alt=\"Czajnik elektryczny Tower Empire T10052BLK 3000 W 1,7 l czarny Marka Tower\" width=\"2000px\" data-src=\"https:\/\/a.allegroimg.com\/original\/112400\/aa1353c64ffba5c758bf74f61726\/Czajnik-elektryczny-Tower-Empire-T10052BLK-3000-W-1-7-l-czarny-Marka-Tower\" data-srcset=\"https:\/\/a.allegroimg.com\/s360\/112400\/aa1353c64ffba5c758bf74f61726\/Czajnik-elektryczny-Tower-Empire-T10052BLK-3000-W-1-7-l-czarny-Marka-Tower 360w,https:\/\/a.allegroimg.com\/s720\/112400\/aa1353c64ffba5c758bf74f61726\/Czajnik-elektryczny-Tower-Empire-T10052BLK-3000-W-1-7-l-czarny-Marka-Tower 720w,https:\/\/a.allegroimg.com\/s1024\/112400\/aa1353c64ffba5c758bf74f61726\/Czajnik-elektryczny-Tower-Empire-T10052BLK-3000-W-1-7-l-czarny-Marka-Tower 1024w,https:\/\/a.allegroimg.com\/s1440\/112400\/aa1353c64ffba5c758bf74f61726\/Czajnik-elektryczny-Tower-Empire-T10052BLK-3000-W-1-7-l-czarny-Marka-Tower 1440w,https:\/\/a.allegroimg.com\/original\/112400\/aa1353c64ffba5c758bf74f61726\/Czajnik-elektryczny-Tower-Empire-T10052BLK-3000-W-1-7-l-czarny-Marka-Tower 2000w\" \/><\/div>\n<\/div>\n<\/div>\n<\/div>\n<\/div>\n<div class=\"mpof_ki myre_zn myre_8v_l m389_6m_l\">\n<div class=\"mp4t_16_s mryx_16_s mr3m_1 mli2_1 mh85_56 mh85_0_l\">\n<div class=\"mg9e_8 mj7a_8 mg9e_0_s mvrt_0_s mj7a_0_s mh36_0_s mzmg_6m munh_16_l m3h2_16_l\">\n<div class=\"mp4t_0 mryx_0 munh_56 m3h2_56\">\n<div class=\"mp7g_oh\"><img decoding=\"async\" class=\"msub_k4 mupj_5k mjru_k4 mse2_k4 mp7g_f6 mq1m_0 mj7u_0 m7er_k4 lazyloaded\" src=\"https:\/\/a.allegroimg.com\/original\/113708\/63d6a32344639049ed956127f2f3\/Czajnik-elektryczny-Tower-Empire-T10052BLK-3000-W-1-7-l-czarny-Pojemnosc-1-7-l\" sizes=\"(min-width: 1200px) 560px, (min-width: 992px) 50vw, 100vw\" srcset=\"https:\/\/a.allegroimg.com\/s360\/113708\/63d6a32344639049ed956127f2f3\/Czajnik-elektryczny-Tower-Empire-T10052BLK-3000-W-1-7-l-czarny-Pojemnosc-1-7-l 360w,https:\/\/a.allegroimg.com\/s720\/113708\/63d6a32344639049ed956127f2f3\/Czajnik-elektryczny-Tower-Empire-T10052BLK-3000-W-1-7-l-czarny-Pojemnosc-1-7-l 720w,https:\/\/a.allegroimg.com\/s1024\/113708\/63d6a32344639049ed956127f2f3\/Czajnik-elektryczny-Tower-Empire-T10052BLK-3000-W-1-7-l-czarny-Pojemnosc-1-7-l 1024w,https:\/\/a.allegroimg.com\/s1440\/113708\/63d6a32344639049ed956127f2f3\/Czajnik-elektryczny-Tower-Empire-T10052BLK-3000-W-1-7-l-czarny-Pojemnosc-1-7-l 1440w,https:\/\/a.allegroimg.com\/original\/113708\/63d6a32344639049ed956127f2f3\/Czajnik-elektryczny-Tower-Empire-T10052BLK-3000-W-1-7-l-czarny-Pojemnosc-1-7-l 2000w\" alt=\"Czajnik elektryczny Tower Empire T10052BLK 3000 W 1,7 l czarny Pojemno\u015b\u0107 1.7 l\" width=\"2000px\" data-src=\"https:\/\/a.allegroimg.com\/original\/113708\/63d6a32344639049ed956127f2f3\/Czajnik-elektryczny-Tower-Empire-T10052BLK-3000-W-1-7-l-czarny-Pojemnosc-1-7-l\" data-srcset=\"https:\/\/a.allegroimg.com\/s360\/113708\/63d6a32344639049ed956127f2f3\/Czajnik-elektryczny-Tower-Empire-T10052BLK-3000-W-1-7-l-czarny-Pojemnosc-1-7-l 360w,https:\/\/a.allegroimg.com\/s720\/113708\/63d6a32344639049ed956127f2f3\/Czajnik-elektryczny-Tower-Empire-T10052BLK-3000-W-1-7-l-czarny-Pojemnosc-1-7-l 720w,https:\/\/a.allegroimg.com\/s1024\/113708\/63d6a32344639049ed956127f2f3\/Czajnik-elektryczny-Tower-Empire-T10052BLK-3000-W-1-7-l-czarny-Pojemnosc-1-7-l 1024w,https:\/\/a.allegroimg.com\/s1440\/113708\/63d6a32344639049ed956127f2f3\/Czajnik-elektryczny-Tower-Empire-T10052BLK-3000-W-1-7-l-czarny-Pojemnosc-1-7-l 1440w,https:\/\/a.allegroimg.com\/original\/113708\/63d6a32344639049ed956127f2f3\/Czajnik-elektryczny-Tower-Empire-T10052BLK-3000-W-1-7-l-czarny-Pojemnosc-1-7-l 2000w\" \/><\/div>\n<\/div>\n<\/div>\n<\/div>\n<div class=\"mp4t_16_s mryx_16_s mr3m_1 mli2_1 mh85_56 mh85_0_l\">\n<div class=\"mgn2_16 _0d3bd_am0a-\">\n<p><b>DOSKONA\u0141A DYSZKA DO NALEWANIA<\/b><\/p>\n<p>Specjalnie zaprojektowana wylewka chroni przed rozlaniem wrz\u0105cej wody, zapewniaj\u0105c bezpieczniejsze u\u017cytkowanie i mniej ba\u0142aganu<\/p>\n<\/div>\n<\/div>\n<\/div>\n<div class=\"mpof_ki myre_zn myre_8v_l m389_6m_l\">\n<div class=\"mp4t_16_s mryx_16_s mr3m_1 mli2_1 mh85_56 mh85_0_l\">\n<div class=\"mgn2_16 _0d3bd_am0a-\">\n<p><b>360\u00a0OBROTOWA PODSTAWA<\/b><\/p>\n<p>Dost\u0119pna konstrukcja zapewnia wygodne podnoszenie i uzupe\u0142nianie zar\u00f3wno dla u\u017cytkownik\u00f3w lewo-, jak i prawor\u0119cznych. Schowek na przew\u00f3d nadaje blatowi estetyczny wygl\u0105d<\/p>\n<\/div>\n<\/div>\n<div class=\"mp4t_16_s mryx_16_s mr3m_1 mli2_1 mh85_56 mh85_0_l\">\n<div class=\"mg9e_8 mj7a_8 mg9e_0_s mvrt_0_s mj7a_0_s mh36_0_s mzmg_6m munh_16_l m3h2_16_l\">\n<div class=\"mp4t_0 mryx_0 munh_56 m3h2_56\">\n<div class=\"mp7g_oh\"><img decoding=\"async\" class=\"msub_k4 mupj_5k mjru_k4 mse2_k4 mp7g_f6 mq1m_0 mj7u_0 m7er_k4 lazyloaded\" src=\"https:\/\/a.allegroimg.com\/original\/116596\/467ca996465b969ccdc6e80de8aa\/Czajnik-elektryczny-Tower-Empire-T10052BLK-3000-W-1-7-l-czarny-Stan-opakowania-oryginalne\" sizes=\"(min-width: 1200px) 560px, (min-width: 992px) 50vw, 100vw\" srcset=\"https:\/\/a.allegroimg.com\/s360\/116596\/467ca996465b969ccdc6e80de8aa\/Czajnik-elektryczny-Tower-Empire-T10052BLK-3000-W-1-7-l-czarny-Stan-opakowania-oryginalne 360w,https:\/\/a.allegroimg.com\/s720\/116596\/467ca996465b969ccdc6e80de8aa\/Czajnik-elektryczny-Tower-Empire-T10052BLK-3000-W-1-7-l-czarny-Stan-opakowania-oryginalne 720w,https:\/\/a.allegroimg.com\/s1024\/116596\/467ca996465b969ccdc6e80de8aa\/Czajnik-elektryczny-Tower-Empire-T10052BLK-3000-W-1-7-l-czarny-Stan-opakowania-oryginalne 1024w,https:\/\/a.allegroimg.com\/s1440\/116596\/467ca996465b969ccdc6e80de8aa\/Czajnik-elektryczny-Tower-Empire-T10052BLK-3000-W-1-7-l-czarny-Stan-opakowania-oryginalne 1440w,https:\/\/a.allegroimg.com\/original\/116596\/467ca996465b969ccdc6e80de8aa\/Czajnik-elektryczny-Tower-Empire-T10052BLK-3000-W-1-7-l-czarny-Stan-opakowania-oryginalne 2000w\" alt=\"Czajnik elektryczny Tower Empire T10052BLK 3000 W 1,7 l czarny Stan opakowania oryginalne\" width=\"2000px\" data-src=\"https:\/\/a.allegroimg.com\/original\/116596\/467ca996465b969ccdc6e80de8aa\/Czajnik-elektryczny-Tower-Empire-T10052BLK-3000-W-1-7-l-czarny-Stan-opakowania-oryginalne\" data-srcset=\"https:\/\/a.allegroimg.com\/s360\/116596\/467ca996465b969ccdc6e80de8aa\/Czajnik-elektryczny-Tower-Empire-T10052BLK-3000-W-1-7-l-czarny-Stan-opakowania-oryginalne 360w,https:\/\/a.allegroimg.com\/s720\/116596\/467ca996465b969ccdc6e80de8aa\/Czajnik-elektryczny-Tower-Empire-T10052BLK-3000-W-1-7-l-czarny-Stan-opakowania-oryginalne 720w,https:\/\/a.allegroimg.com\/s1024\/116596\/467ca996465b969ccdc6e80de8aa\/Czajnik-elektryczny-Tower-Empire-T10052BLK-3000-W-1-7-l-czarny-Stan-opakowania-oryginalne 1024w,https:\/\/a.allegroimg.com\/s1440\/116596\/467ca996465b969ccdc6e80de8aa\/Czajnik-elektryczny-Tower-Empire-T10052BLK-3000-W-1-7-l-czarny-Stan-opakowania-oryginalne 1440w,https:\/\/a.allegroimg.com\/original\/116596\/467ca996465b969ccdc6e80de8aa\/Czajnik-elektryczny-Tower-Empire-T10052BLK-3000-W-1-7-l-czarny-Stan-opakowania-oryginalne 2000w\" \/><\/div>\n<\/div>\n<\/div>\n<\/div>\n<\/div>\n<div class=\"mpof_ki myre_zn myre_8v_l m389_6m_l\">\n<div class=\"mp4t_16_s mryx_16_s mr3m_1 mli2_1 mh85_56 mh85_0_l\">\n<div class=\"mg9e_8 mj7a_8 mg9e_0_s mvrt_0_s mj7a_0_s mh36_0_s mzmg_6m munh_16_l m3h2_16_l\">\n<div class=\"mp4t_0 mryx_0 munh_56 m3h2_56\">\n<div class=\"mp7g_oh\"><img decoding=\"async\" class=\"msub_k4 mupj_5k mjru_k4 mse2_k4 mp7g_f6 mq1m_0 mj7u_0 m7er_k4 lazyloaded\" src=\"https:\/\/a.allegroimg.com\/original\/11cc8a\/046a0d8c440da03f1eab88192d55\/Czajnik-elektryczny-Tower-Empire-T10052BLK-3000-W-1-7-l-czarny-Moc-3000-W\" sizes=\"(min-width: 1200px) 560px, (min-width: 992px) 50vw, 100vw\" srcset=\"https:\/\/a.allegroimg.com\/s360\/11cc8a\/046a0d8c440da03f1eab88192d55\/Czajnik-elektryczny-Tower-Empire-T10052BLK-3000-W-1-7-l-czarny-Moc-3000-W 360w,https:\/\/a.allegroimg.com\/s720\/11cc8a\/046a0d8c440da03f1eab88192d55\/Czajnik-elektryczny-Tower-Empire-T10052BLK-3000-W-1-7-l-czarny-Moc-3000-W 720w,https:\/\/a.allegroimg.com\/s1024\/11cc8a\/046a0d8c440da03f1eab88192d55\/Czajnik-elektryczny-Tower-Empire-T10052BLK-3000-W-1-7-l-czarny-Moc-3000-W 1024w,https:\/\/a.allegroimg.com\/s1440\/11cc8a\/046a0d8c440da03f1eab88192d55\/Czajnik-elektryczny-Tower-Empire-T10052BLK-3000-W-1-7-l-czarny-Moc-3000-W 1440w,https:\/\/a.allegroimg.com\/original\/11cc8a\/046a0d8c440da03f1eab88192d55\/Czajnik-elektryczny-Tower-Empire-T10052BLK-3000-W-1-7-l-czarny-Moc-3000-W 2000w\" alt=\"Czajnik elektryczny Tower Empire T10052BLK 3000 W 1,7 l czarny Moc 3000 W\" width=\"2000px\" data-src=\"https:\/\/a.allegroimg.com\/original\/11cc8a\/046a0d8c440da03f1eab88192d55\/Czajnik-elektryczny-Tower-Empire-T10052BLK-3000-W-1-7-l-czarny-Moc-3000-W\" data-srcset=\"https:\/\/a.allegroimg.com\/s360\/11cc8a\/046a0d8c440da03f1eab88192d55\/Czajnik-elektryczny-Tower-Empire-T10052BLK-3000-W-1-7-l-czarny-Moc-3000-W 360w,https:\/\/a.allegroimg.com\/s720\/11cc8a\/046a0d8c440da03f1eab88192d55\/Czajnik-elektryczny-Tower-Empire-T10052BLK-3000-W-1-7-l-czarny-Moc-3000-W 720w,https:\/\/a.allegroimg.com\/s1024\/11cc8a\/046a0d8c440da03f1eab88192d55\/Czajnik-elektryczny-Tower-Empire-T10052BLK-3000-W-1-7-l-czarny-Moc-3000-W 1024w,https:\/\/a.allegroimg.com\/s1440\/11cc8a\/046a0d8c440da03f1eab88192d55\/Czajnik-elektryczny-Tower-Empire-T10052BLK-3000-W-1-7-l-czarny-Moc-3000-W 1440w,https:\/\/a.allegroimg.com\/original\/11cc8a\/046a0d8c440da03f1eab88192d55\/Czajnik-elektryczny-Tower-Empire-T10052BLK-3000-W-1-7-l-czarny-Moc-3000-W 2000w\" \/><\/div>\n<\/div>\n<\/div>\n<\/div>\n<div class=\"mp4t_16_s mryx_16_s mr3m_1 mli2_1 mh85_56 mh85_0_l\">\n<div class=\"mgn2_16 _0d3bd_am0a-\">\n<p><b>WYJMOWANY FILTR<\/b><\/p>\n<p>Otwierana pokrywka u\u0142atwia wyj\u0119cie filtra, kt\u00f3ry mo\u017cna wyp\u0142uka\u0107 w celu usuni\u0119cia kamienia, dzi\u0119ki czemu kawa i herbata b\u0119d\u0105 mia\u0142y najlepszy smak.<\/p>\n<\/div>\n<\/div>\n<\/div>\n<div class=\"mpof_ki myre_zn myre_8v_l m389_6m_l\">\n<div class=\"mp4t_16_s mryx_16_s mr3m_1 mli2_1 mh85_56 mh85_0_l\">\n<div class=\"mgn2_16 _0d3bd_am0a-\">\n<p>&#8211; Wydajny czajnik o mocy 3 kW, umo\u017cliwiaj\u0105cy szybkie gotowanie 1 fili\u017canki w czasie kr\u00f3tszym ni\u017c 45 sekund<\/p>\n<p>&#8211; Stylowy wz\u00f3r w stylu Art Deco z mosi\u0119\u017cnymi akcentami<\/p>\n<p>&#8211; Zabezpieczenie przed gotowaniem na sucho dla wi\u0119kszego bezpiecze\u0144stwa<\/p>\n<p>&#8211; Obrotowa podstawa o 360 stopniach, idealna dla u\u017cytkownik\u00f3w lewo- i prawor\u0119cznych<\/p>\n<p>&#8211; Wymiary produktu: wys. 21,7 cm x szer. 15,8 cm x g\u0142. 26,8 cm<\/p>\n<p>&#8211; Pojemno\u015b\u0107 1,7 l pozwala na przygotowanie do 7 fili\u017canek przy jednym nape\u0142nieniu<\/p>\n<p>&#8211; Du\u017cy wska\u017anik poziomu wody pokazuje pozosta\u0142\u0105 wod\u0119 w czajniku<\/p>\n<p>&#8211; W\u0142\u0105cznik\/wy\u0142\u0105cznik z kontrolk\u0105<\/p>\n<p>&#8211; Ca\u0142kowicie zdejmowana pokrywa z ergonomicznym uchwytem pier\u015bcieniowym u\u0142atwiaj\u0105cym nape\u0142nianie<\/p>\n<\/div>\n<\/div>\n<div class=\"mp4t_16_s mryx_16_s mr3m_1 mli2_1 mh85_56 mh85_0_l\">\n<div class=\"mg9e_8 mj7a_8 mg9e_0_s mvrt_0_s mj7a_0_s mh36_0_s mzmg_6m munh_16_l m3h2_16_l\">\n<div class=\"mp4t_0 mryx_0 munh_56 m3h2_56\">\n<div class=\"mp7g_oh\"><img decoding=\"async\" class=\"msub_k4 mupj_5k mjru_k4 mse2_k4 mp7g_f6 mq1m_0 mj7u_0 m7er_k4 lazyloaded\" src=\"https:\/\/a.allegroimg.com\/original\/11baf1\/f5b2e2744286b2420656e0b82eeb\/Czajnik-elektryczny-Tower-Empire-T10052BLK-3000-W-1-7-l-czarny\" sizes=\"(min-width: 1200px) 560px, (min-width: 992px) 50vw, 100vw\" srcset=\"https:\/\/a.allegroimg.com\/s360\/11baf1\/f5b2e2744286b2420656e0b82eeb\/Czajnik-elektryczny-Tower-Empire-T10052BLK-3000-W-1-7-l-czarny 360w,https:\/\/a.allegroimg.com\/s720\/11baf1\/f5b2e2744286b2420656e0b82eeb\/Czajnik-elektryczny-Tower-Empire-T10052BLK-3000-W-1-7-l-czarny 720w,https:\/\/a.allegroimg.com\/s1024\/11baf1\/f5b2e2744286b2420656e0b82eeb\/Czajnik-elektryczny-Tower-Empire-T10052BLK-3000-W-1-7-l-czarny 1024w,https:\/\/a.allegroimg.com\/s1440\/11baf1\/f5b2e2744286b2420656e0b82eeb\/Czajnik-elektryczny-Tower-Empire-T10052BLK-3000-W-1-7-l-czarny 1440w,https:\/\/a.allegroimg.com\/original\/11baf1\/f5b2e2744286b2420656e0b82eeb\/Czajnik-elektryczny-Tower-Empire-T10052BLK-3000-W-1-7-l-czarny 2000w\" alt=\"Czajnik elektryczny Tower Empire T10052BLK 3000 W 1,7 l czarny\" width=\"2000px\" data-src=\"https:\/\/a.allegroimg.com\/original\/11baf1\/f5b2e2744286b2420656e0b82eeb\/Czajnik-elektryczny-Tower-Empire-T10052BLK-3000-W-1-7-l-czarny\" data-srcset=\"https:\/\/a.allegroimg.com\/s360\/11baf1\/f5b2e2744286b2420656e0b82eeb\/Czajnik-elektryczny-Tower-Empire-T10052BLK-3000-W-1-7-l-czarny 360w,https:\/\/a.allegroimg.com\/s720\/11baf1\/f5b2e2744286b2420656e0b82eeb\/Czajnik-elektryczny-Tower-Empire-T10052BLK-3000-W-1-7-l-czarny 720w,https:\/\/a.allegroimg.com\/s1024\/11baf1\/f5b2e2744286b2420656e0b82eeb\/Czajnik-elektryczny-Tower-Empire-T10052BLK-3000-W-1-7-l-czarny 1024w,https:\/\/a.allegroimg.com\/s1440\/11baf1\/f5b2e2744286b2420656e0b82eeb\/Czajnik-elektryczny-Tower-Empire-T10052BLK-3000-W-1-7-l-czarny 1440w,https:\/\/a.allegroimg.com\/original\/11baf1\/f5b2e2744286b2420656e0b82eeb\/Czajnik-elektryczny-Tower-Empire-T10052BLK-3000-W-1-7-l-czarny 2000w\" \/><\/div>\n<\/div>\n<\/div>\n<\/div>\n<\/div>\n<div class=\"mpof_ki myre_zn myre_8v_l m389_6m_l\">\n<div class=\"mp4t_16_s mryx_16_s mr3m_1 mli2_1 mh85_56 mh85_0_l\">\n<div class=\"mg9e_8 mj7a_8 mg9e_0_s mvrt_0_s mj7a_0_s mh36_0_s mzmg_6m munh_16_l m3h2_16_l\">\n<div class=\"mp4t_0 mryx_0 munh_56 m3h2_56\">\n<div class=\"mp7g_oh\"><img decoding=\"async\" class=\"msub_k4 mupj_5k mjru_k4 mse2_k4 mp7g_f6 mq1m_0 mj7u_0 m7er_k4 lazyloaded\" src=\"https:\/\/a.allegroimg.com\/original\/1156c8\/e083d6f0482dbe7eae92a5a6ee5c\/Czajnik-elektryczny-Tower-Empire-T10052BLK-3000-W-1-7-l-czarny-Kolor-dominujacy-czarny\" sizes=\"100vw\" srcset=\"https:\/\/a.allegroimg.com\/s360\/1156c8\/e083d6f0482dbe7eae92a5a6ee5c\/Czajnik-elektryczny-Tower-Empire-T10052BLK-3000-W-1-7-l-czarny-Kolor-dominujacy-czarny 360w,https:\/\/a.allegroimg.com\/s720\/1156c8\/e083d6f0482dbe7eae92a5a6ee5c\/Czajnik-elektryczny-Tower-Empire-T10052BLK-3000-W-1-7-l-czarny-Kolor-dominujacy-czarny 720w,https:\/\/a.allegroimg.com\/s1024\/1156c8\/e083d6f0482dbe7eae92a5a6ee5c\/Czajnik-elektryczny-Tower-Empire-T10052BLK-3000-W-1-7-l-czarny-Kolor-dominujacy-czarny 1024w,https:\/\/a.allegroimg.com\/s1440\/1156c8\/e083d6f0482dbe7eae92a5a6ee5c\/Czajnik-elektryczny-Tower-Empire-T10052BLK-3000-W-1-7-l-czarny-Kolor-dominujacy-czarny 1440w,https:\/\/a.allegroimg.com\/original\/1156c8\/e083d6f0482dbe7eae92a5a6ee5c\/Czajnik-elektryczny-Tower-Empire-T10052BLK-3000-W-1-7-l-czarny-Kolor-dominujacy-czarny 2560w\" alt=\"Czajnik elektryczny Tower Empire T10052BLK 3000 W 1,7 l czarny Kolor dominuj\u0105cy czarny\" width=\"2560px\" data-src=\"https:\/\/a.allegroimg.com\/original\/1156c8\/e083d6f0482dbe7eae92a5a6ee5c\/Czajnik-elektryczny-Tower-Empire-T10052BLK-3000-W-1-7-l-czarny-Kolor-dominujacy-czarny\" data-srcset=\"https:\/\/a.allegroimg.com\/s360\/1156c8\/e083d6f0482dbe7eae92a5a6ee5c\/Czajnik-elektryczny-Tower-Empire-T10052BLK-3000-W-1-7-l-czarny-Kolor-dominujacy-czarny 360w,https:\/\/a.allegroimg.com\/s720\/1156c8\/e083d6f0482dbe7eae92a5a6ee5c\/Czajnik-elektryczny-Tower-Empire-T10052BLK-3000-W-1-7-l-czarny-Kolor-dominujacy-czarny 720w,https:\/\/a.allegroimg.com\/s1024\/1156c8\/e083d6f0482dbe7eae92a5a6ee5c\/Czajnik-elektryczny-Tower-Empire-T10052BLK-3000-W-1-7-l-czarny-Kolor-dominujacy-czarny 1024w,https:\/\/a.allegroimg.com\/s1440\/1156c8\/e083d6f0482dbe7eae92a5a6ee5c\/Czajnik-elektryczny-Tower-Empire-T10052BLK-3000-W-1-7-l-czarny-Kolor-dominujacy-czarny 1440w,https:\/\/a.allegroimg.com\/original\/1156c8\/e083d6f0482dbe7eae92a5a6ee5c\/Czajnik-elektryczny-Tower-Empire-T10052BLK-3000-W-1-7-l-czarny-Kolor-dominujacy-czarny 2560w\" \/><\/div>\n<\/div>\n<\/div>\n<\/div>\n<\/div>\n","protected":false},"excerpt":{"rendered":"<p>PROJEKT ART DECO Geometryczne wzornictwo inspirowane latami dwudziestymi z mosi\u0119\u017cnymi akcentami podniesie estetyk\u0119 Twojej kuchni.\u00a0Cz\u0119\u015b\u0107 ponadczasowej kolekcji Tower Empire z dopasowanymi wzorami w stylu Art Deco TECHNOLOGIA SZYBKIEGO GOTOWANIA Wyposa\u017cony w pot\u0119\u017cn\u0105 funkcj\u0119 szybkiego gotowania, kt\u00f3ra umo\u017cliwia szybsze przygotowywanie napoj\u00f3w &#8211; mo\u017cesz szybko zagotowa\u0107 1 fili\u017cank\u0119 w mniej ni\u017c 45 sekund. POJEMNO\u015a\u0106 1,7L Du\u017ca pojemno\u015b\u0107 [&hellip;]<\/p>\n","protected":false},"featured_media":127,"comment_status":"open","ping_status":"closed","template":"","meta":[],"product_brand":[],"product_cat":[27],"product_tag":[],"class_list":{"0":"post-124","1":"product","2":"type-product","3":"status-publish","4":"has-post-thumbnail","6":"product_cat-czajniki","8":"first","9":"instock","10":"shipping-taxable","11":"purchasable","12":"product-type-simple"},"jetpack_sharing_enabled":true,"_links":{"self":[{"href":"https:\/\/www.towerpolska.pl\/index.php?rest_route=\/wp\/v2\/product\/124","targetHints":{"allow":["GET"]}}],"collection":[{"href":"https:\/\/www.towerpolska.pl\/index.php?rest_route=\/wp\/v2\/product"}],"about":[{"href":"https:\/\/www.towerpolska.pl\/index.php?rest_route=\/wp\/v2\/types\/product"}],"replies":[{"embeddable":true,"href":"https:\/\/www.towerpolska.pl\/index.php?rest_route=%2Fwp%2Fv2%2Fcomments&post=124"}],"wp:featuredmedia":[{"embeddable":true,"href":"https:\/\/www.towerpolska.pl\/index.php?rest_route=\/wp\/v2\/media\/127"}],"wp:attachment":[{"href":"https:\/\/www.towerpolska.pl\/index.php?rest_route=%2Fwp%2Fv2%2Fmedia&parent=124"}],"wp:term":[{"taxonomy":"product_brand","embeddable":true,"href":"https:\/\/www.towerpolska.pl\/index.php?rest_route=%2Fwp%2Fv2%2Fproduct_brand&post=124"},{"taxonomy":"product_cat","embeddable":true,"href":"https:\/\/www.towerpolska.pl\/index.php?rest_route=%2Fwp%2Fv2%2Fproduct_cat&post=124"},{"taxonomy":"product_tag","embeddable":true,"href":"https:\/\/www.towerpolska.pl\/index.php?rest_route=%2Fwp%2Fv2%2Fproduct_tag&post=124"}],"curies":[{"name":"wp","href":"https:\/\/api.w.org\/{rel}","templated":true}]}}