{"id":310,"date":"2024-09-17T21:55:54","date_gmt":"2024-09-17T21:55:54","guid":{"rendered":"https:\/\/www.towerpolska.pl\/?post_type=product&#038;p=310"},"modified":"2024-09-17T21:57:54","modified_gmt":"2024-09-17T21:57:54","slug":"toster-tower-scandi-800w-2-slice-grey-t20027g","status":"publish","type":"product","link":"https:\/\/www.towerpolska.pl\/?product=toster-tower-scandi-800w-2-slice-grey-t20027g","title":{"rendered":"Toster TOWER Scandi 800W 2 Slice Grey T20027G"},"content":{"rendered":"<div class=\"mpof_ki myre_zn myre_8v_l m389_6m_l\">\n<div class=\"mp4t_16_s mryx_16_s mr3m_1 mli2_1 mh85_56 mh85_0_l\">\n<div class=\"mg9e_8 mj7a_8 mg9e_0_s mvrt_0_s mj7a_0_s mh36_0_s mzmg_6m munh_16_l m3h2_16_l\">\n<div class=\"mp4t_0 mryx_0 munh_56 m3h2_56\">\n<div class=\"mp7g_oh\"><img decoding=\"async\" class=\"msub_k4 mupj_5k mjru_k4 mse2_k4 mp7g_f6 mq1m_0 mj7u_0 m7er_k4 lazyloaded\" src=\"https:\/\/a.allegroimg.com\/original\/112137\/e77c2f7c4d94aeb27799ebb31a1f\/Toster-TOWER-Scandi-800W-2-Slice-Grey-T20027G\" sizes=\"(min-width: 1200px) 560px, (min-width: 992px) 50vw, 100vw\" srcset=\"https:\/\/a.allegroimg.com\/s360\/112137\/e77c2f7c4d94aeb27799ebb31a1f\/Toster-TOWER-Scandi-800W-2-Slice-Grey-T20027G 360w,https:\/\/a.allegroimg.com\/s720\/112137\/e77c2f7c4d94aeb27799ebb31a1f\/Toster-TOWER-Scandi-800W-2-Slice-Grey-T20027G 720w,https:\/\/a.allegroimg.com\/s1024\/112137\/e77c2f7c4d94aeb27799ebb31a1f\/Toster-TOWER-Scandi-800W-2-Slice-Grey-T20027G 1024w,https:\/\/a.allegroimg.com\/s1440\/112137\/e77c2f7c4d94aeb27799ebb31a1f\/Toster-TOWER-Scandi-800W-2-Slice-Grey-T20027G 1350w,https:\/\/a.allegroimg.com\/original\/112137\/e77c2f7c4d94aeb27799ebb31a1f\/Toster-TOWER-Scandi-800W-2-Slice-Grey-T20027G 1350w\" alt=\"Toster TOWER Scandi 800W 2 Slice Grey T20027G\" width=\"1350px\" data-src=\"https:\/\/a.allegroimg.com\/original\/112137\/e77c2f7c4d94aeb27799ebb31a1f\/Toster-TOWER-Scandi-800W-2-Slice-Grey-T20027G\" data-srcset=\"https:\/\/a.allegroimg.com\/s360\/112137\/e77c2f7c4d94aeb27799ebb31a1f\/Toster-TOWER-Scandi-800W-2-Slice-Grey-T20027G 360w,https:\/\/a.allegroimg.com\/s720\/112137\/e77c2f7c4d94aeb27799ebb31a1f\/Toster-TOWER-Scandi-800W-2-Slice-Grey-T20027G 720w,https:\/\/a.allegroimg.com\/s1024\/112137\/e77c2f7c4d94aeb27799ebb31a1f\/Toster-TOWER-Scandi-800W-2-Slice-Grey-T20027G 1024w,https:\/\/a.allegroimg.com\/s1440\/112137\/e77c2f7c4d94aeb27799ebb31a1f\/Toster-TOWER-Scandi-800W-2-Slice-Grey-T20027G 1350w,https:\/\/a.allegroimg.com\/original\/112137\/e77c2f7c4d94aeb27799ebb31a1f\/Toster-TOWER-Scandi-800W-2-Slice-Grey-T20027G 1350w\" \/><\/div>\n<\/div>\n<\/div>\n<\/div>\n<div class=\"mp4t_16_s mryx_16_s mr3m_1 mli2_1 mh85_56 mh85_0_l\">\n<div class=\"mgn2_16 _0d3bd_am0a-\">\n<p>Ciesz si\u0119 \u015bniadaniem w stylu skandynawskim dzi\u0119ki tosterowi Scandi na 2 kromki firmy Tower. Reprezentuj\u0105cy nordycki design, jego wsp\u00f3\u0142czesny kolorowy korpus z uchwytami z efektem drewna z \u0142atwo\u015bci\u0105 uzupe\u0142ni ka\u017cd\u0105 kuchni\u0119<\/p>\n<\/div>\n<\/div>\n<\/div>\n<div class=\"mpof_ki myre_zn myre_8v_l m389_6m_l\">\n<div class=\"mp4t_16_s mryx_16_s mr3m_1 mli2_1 mh85_56 mh85_0_l\">\n<div class=\"mgn2_16 _0d3bd_am0a-\">\n<p><b>7 KONTROLA BR\u0104ZENIA<\/b><\/p>\n<p>Dzi\u0119ki 7 poziomom opiekania mo\u017cesz dostosowa\u0107 pokr\u0119t\u0142o br\u0105zowienia, aby za ka\u017cdym razem uzyska\u0107 idealne tosty, odpowiadaj\u0105ce Twoim upodobaniom.<\/p>\n<\/div>\n<\/div>\n<div class=\"mp4t_16_s mryx_16_s mr3m_1 mli2_1 mh85_56 mh85_0_l\">\n<div class=\"mg9e_8 mj7a_8 mg9e_0_s mvrt_0_s mj7a_0_s mh36_0_s mzmg_6m munh_16_l m3h2_16_l\">\n<div class=\"mp4t_0 mryx_0 munh_56 m3h2_56\">\n<div class=\"mp7g_oh\"><img decoding=\"async\" class=\"msub_k4 mupj_5k mjru_k4 mse2_k4 mp7g_f6 mq1m_0 mj7u_0 m7er_k4 lazyloaded\" src=\"https:\/\/a.allegroimg.com\/original\/117efc\/92fd01e64c988cff097049497e52\/Toster-TOWER-Scandi-800W-2-Slice-Grey-T20027G-Kod-producenta-T20027G\" sizes=\"(min-width: 1200px) 560px, (min-width: 992px) 50vw, 100vw\" srcset=\"https:\/\/a.allegroimg.com\/s360\/117efc\/92fd01e64c988cff097049497e52\/Toster-TOWER-Scandi-800W-2-Slice-Grey-T20027G-Kod-producenta-T20027G 360w,https:\/\/a.allegroimg.com\/s720\/117efc\/92fd01e64c988cff097049497e52\/Toster-TOWER-Scandi-800W-2-Slice-Grey-T20027G-Kod-producenta-T20027G 720w,https:\/\/a.allegroimg.com\/s1024\/117efc\/92fd01e64c988cff097049497e52\/Toster-TOWER-Scandi-800W-2-Slice-Grey-T20027G-Kod-producenta-T20027G 1024w,https:\/\/a.allegroimg.com\/s1440\/117efc\/92fd01e64c988cff097049497e52\/Toster-TOWER-Scandi-800W-2-Slice-Grey-T20027G-Kod-producenta-T20027G 1350w,https:\/\/a.allegroimg.com\/original\/117efc\/92fd01e64c988cff097049497e52\/Toster-TOWER-Scandi-800W-2-Slice-Grey-T20027G-Kod-producenta-T20027G 1350w\" alt=\"Toster TOWER Scandi 800W 2 Slice Grey T20027G Kod producenta T20027G\" width=\"1350px\" data-src=\"https:\/\/a.allegroimg.com\/original\/117efc\/92fd01e64c988cff097049497e52\/Toster-TOWER-Scandi-800W-2-Slice-Grey-T20027G-Kod-producenta-T20027G\" data-srcset=\"https:\/\/a.allegroimg.com\/s360\/117efc\/92fd01e64c988cff097049497e52\/Toster-TOWER-Scandi-800W-2-Slice-Grey-T20027G-Kod-producenta-T20027G 360w,https:\/\/a.allegroimg.com\/s720\/117efc\/92fd01e64c988cff097049497e52\/Toster-TOWER-Scandi-800W-2-Slice-Grey-T20027G-Kod-producenta-T20027G 720w,https:\/\/a.allegroimg.com\/s1024\/117efc\/92fd01e64c988cff097049497e52\/Toster-TOWER-Scandi-800W-2-Slice-Grey-T20027G-Kod-producenta-T20027G 1024w,https:\/\/a.allegroimg.com\/s1440\/117efc\/92fd01e64c988cff097049497e52\/Toster-TOWER-Scandi-800W-2-Slice-Grey-T20027G-Kod-producenta-T20027G 1350w,https:\/\/a.allegroimg.com\/original\/117efc\/92fd01e64c988cff097049497e52\/Toster-TOWER-Scandi-800W-2-Slice-Grey-T20027G-Kod-producenta-T20027G 1350w\" \/><\/div>\n<\/div>\n<\/div>\n<\/div>\n<\/div>\n<div class=\"mpof_ki myre_zn myre_8v_l m389_6m_l\">\n<div class=\"mp4t_16_s mryx_16_s mr3m_1 mli2_1 mh85_56 mh85_0_l\">\n<div class=\"mg9e_8 mj7a_8 mg9e_0_s mvrt_0_s mj7a_0_s mh36_0_s mzmg_6m munh_16_l m3h2_16_l\">\n<div class=\"mp4t_0 mryx_0 munh_56 m3h2_56\">\n<div class=\"mp7g_oh\"><img decoding=\"async\" class=\"msub_k4 mupj_5k mjru_k4 mse2_k4 mp7g_f6 mq1m_0 mj7u_0 m7er_k4 lazyloaded\" src=\"https:\/\/a.allegroimg.com\/original\/11d058\/9fd1876c4fd7a1385eec73e81303\/Toster-TOWER-Scandi-800W-2-Slice-Grey-T20027G-Marka-Tower\" sizes=\"(min-width: 1200px) 560px, (min-width: 992px) 50vw, 100vw\" srcset=\"https:\/\/a.allegroimg.com\/s360\/11d058\/9fd1876c4fd7a1385eec73e81303\/Toster-TOWER-Scandi-800W-2-Slice-Grey-T20027G-Marka-Tower 360w,https:\/\/a.allegroimg.com\/s720\/11d058\/9fd1876c4fd7a1385eec73e81303\/Toster-TOWER-Scandi-800W-2-Slice-Grey-T20027G-Marka-Tower 720w,https:\/\/a.allegroimg.com\/s1024\/11d058\/9fd1876c4fd7a1385eec73e81303\/Toster-TOWER-Scandi-800W-2-Slice-Grey-T20027G-Marka-Tower 1024w,https:\/\/a.allegroimg.com\/s1440\/11d058\/9fd1876c4fd7a1385eec73e81303\/Toster-TOWER-Scandi-800W-2-Slice-Grey-T20027G-Marka-Tower 1350w,https:\/\/a.allegroimg.com\/original\/11d058\/9fd1876c4fd7a1385eec73e81303\/Toster-TOWER-Scandi-800W-2-Slice-Grey-T20027G-Marka-Tower 1350w\" alt=\"Toster TOWER Scandi 800W 2 Slice Grey T20027G Marka Tower\" width=\"1350px\" data-src=\"https:\/\/a.allegroimg.com\/original\/11d058\/9fd1876c4fd7a1385eec73e81303\/Toster-TOWER-Scandi-800W-2-Slice-Grey-T20027G-Marka-Tower\" data-srcset=\"https:\/\/a.allegroimg.com\/s360\/11d058\/9fd1876c4fd7a1385eec73e81303\/Toster-TOWER-Scandi-800W-2-Slice-Grey-T20027G-Marka-Tower 360w,https:\/\/a.allegroimg.com\/s720\/11d058\/9fd1876c4fd7a1385eec73e81303\/Toster-TOWER-Scandi-800W-2-Slice-Grey-T20027G-Marka-Tower 720w,https:\/\/a.allegroimg.com\/s1024\/11d058\/9fd1876c4fd7a1385eec73e81303\/Toster-TOWER-Scandi-800W-2-Slice-Grey-T20027G-Marka-Tower 1024w,https:\/\/a.allegroimg.com\/s1440\/11d058\/9fd1876c4fd7a1385eec73e81303\/Toster-TOWER-Scandi-800W-2-Slice-Grey-T20027G-Marka-Tower 1350w,https:\/\/a.allegroimg.com\/original\/11d058\/9fd1876c4fd7a1385eec73e81303\/Toster-TOWER-Scandi-800W-2-Slice-Grey-T20027G-Marka-Tower 1350w\" \/><\/div>\n<\/div>\n<\/div>\n<\/div>\n<div class=\"mp4t_16_s mryx_16_s mr3m_1 mli2_1 mh85_56 mh85_0_l\">\n<div class=\"mgn2_16 _0d3bd_am0a-\">\n<p><b>ROZMRA\u017bANIE I PODGRZEWANIE<\/b><\/p>\n<p>Wielofunkcyjny toster z funkcj\u0105 rozmra\u017cania, podgrzewania i anulowania pozwala wznie\u015b\u0107 tosty prosto z zamro\u017conego lub podgrza\u0107 szybk\u0105 przek\u0105sk\u0119.<\/p>\n<\/div>\n<\/div>\n<\/div>\n<div class=\"mpof_ki myre_zn myre_8v_l m389_6m_l\">\n<div class=\"mp4t_16_s mryx_16_s mr3m_1 mli2_1 mh85_56 mh85_0_l\">\n<div class=\"mgn2_16 _0d3bd_am0a-\">\n<p><b>WYJMOWANA TACKA<\/b><\/p>\n<p>Z \u0142atwo\u015bci\u0105 pozb\u0105d\u017a si\u0119 nadmiaru okruszk\u00f3w, utrzymuj\u0105c blaty kuchenne w czysto\u015bci dzi\u0119ki wyjmowanej tacy.<\/p>\n<\/div>\n<\/div>\n<div class=\"mp4t_16_s mryx_16_s mr3m_1 mli2_1 mh85_56 mh85_0_l\">\n<div class=\"mg9e_8 mj7a_8 mg9e_0_s mvrt_0_s mj7a_0_s mh36_0_s mzmg_6m munh_16_l m3h2_16_l\">\n<div class=\"mp4t_0 mryx_0 munh_56 m3h2_56\">\n<div class=\"mp7g_oh\"><img decoding=\"async\" class=\"msub_k4 mupj_5k mjru_k4 mse2_k4 mp7g_f6 mq1m_0 mj7u_0 m7er_k4 lazyloaded\" src=\"https:\/\/a.allegroimg.com\/original\/110ce6\/4f2369cb45479c894b4b40496970\/Toster-TOWER-Scandi-800W-2-Slice-Grey-T20027G-Kolor-dominujacy-srebrny-szary\" sizes=\"(min-width: 1200px) 560px, (min-width: 992px) 50vw, 100vw\" srcset=\"https:\/\/a.allegroimg.com\/s360\/110ce6\/4f2369cb45479c894b4b40496970\/Toster-TOWER-Scandi-800W-2-Slice-Grey-T20027G-Kolor-dominujacy-srebrny-szary 360w,https:\/\/a.allegroimg.com\/s720\/110ce6\/4f2369cb45479c894b4b40496970\/Toster-TOWER-Scandi-800W-2-Slice-Grey-T20027G-Kolor-dominujacy-srebrny-szary 720w,https:\/\/a.allegroimg.com\/s1024\/110ce6\/4f2369cb45479c894b4b40496970\/Toster-TOWER-Scandi-800W-2-Slice-Grey-T20027G-Kolor-dominujacy-srebrny-szary 1024w,https:\/\/a.allegroimg.com\/s1440\/110ce6\/4f2369cb45479c894b4b40496970\/Toster-TOWER-Scandi-800W-2-Slice-Grey-T20027G-Kolor-dominujacy-srebrny-szary 1350w,https:\/\/a.allegroimg.com\/original\/110ce6\/4f2369cb45479c894b4b40496970\/Toster-TOWER-Scandi-800W-2-Slice-Grey-T20027G-Kolor-dominujacy-srebrny-szary 1350w\" alt=\"Toster TOWER Scandi 800W 2 Slice Grey T20027G Kolor dominuj\u0105cy srebrny\/szary\" width=\"1350px\" data-src=\"https:\/\/a.allegroimg.com\/original\/110ce6\/4f2369cb45479c894b4b40496970\/Toster-TOWER-Scandi-800W-2-Slice-Grey-T20027G-Kolor-dominujacy-srebrny-szary\" data-srcset=\"https:\/\/a.allegroimg.com\/s360\/110ce6\/4f2369cb45479c894b4b40496970\/Toster-TOWER-Scandi-800W-2-Slice-Grey-T20027G-Kolor-dominujacy-srebrny-szary 360w,https:\/\/a.allegroimg.com\/s720\/110ce6\/4f2369cb45479c894b4b40496970\/Toster-TOWER-Scandi-800W-2-Slice-Grey-T20027G-Kolor-dominujacy-srebrny-szary 720w,https:\/\/a.allegroimg.com\/s1024\/110ce6\/4f2369cb45479c894b4b40496970\/Toster-TOWER-Scandi-800W-2-Slice-Grey-T20027G-Kolor-dominujacy-srebrny-szary 1024w,https:\/\/a.allegroimg.com\/s1440\/110ce6\/4f2369cb45479c894b4b40496970\/Toster-TOWER-Scandi-800W-2-Slice-Grey-T20027G-Kolor-dominujacy-srebrny-szary 1350w,https:\/\/a.allegroimg.com\/original\/110ce6\/4f2369cb45479c894b4b40496970\/Toster-TOWER-Scandi-800W-2-Slice-Grey-T20027G-Kolor-dominujacy-srebrny-szary 1350w\" \/><\/div>\n<\/div>\n<\/div>\n<\/div>\n<\/div>\n<div class=\"mpof_ki myre_zn myre_8v_l m389_6m_l\">\n<div class=\"mp4t_16_s mryx_16_s mr3m_1 mli2_1 mh85_56 mh85_0_l\">\n<div class=\"mg9e_8 mj7a_8 mg9e_0_s mvrt_0_s mj7a_0_s mh36_0_s mzmg_6m munh_16_l m3h2_16_l\">\n<div class=\"mp4t_0 mryx_0 munh_56 m3h2_56\">\n<div class=\"mp7g_oh\"><img decoding=\"async\" class=\"msub_k4 mupj_5k mjru_k4 mse2_k4 mp7g_f6 mq1m_0 mj7u_0 m7er_k4 lazyloaded\" src=\"https:\/\/a.allegroimg.com\/original\/116098\/122b1c7148d98863773b0aa437f9\/Toster-TOWER-Scandi-800W-2-Slice-Grey-T20027G-Model-T20027G\" sizes=\"(min-width: 1200px) 560px, (min-width: 992px) 50vw, 100vw\" srcset=\"https:\/\/a.allegroimg.com\/s360\/116098\/122b1c7148d98863773b0aa437f9\/Toster-TOWER-Scandi-800W-2-Slice-Grey-T20027G-Model-T20027G 360w,https:\/\/a.allegroimg.com\/s720\/116098\/122b1c7148d98863773b0aa437f9\/Toster-TOWER-Scandi-800W-2-Slice-Grey-T20027G-Model-T20027G 720w,https:\/\/a.allegroimg.com\/s1024\/116098\/122b1c7148d98863773b0aa437f9\/Toster-TOWER-Scandi-800W-2-Slice-Grey-T20027G-Model-T20027G 1024w,https:\/\/a.allegroimg.com\/s1440\/116098\/122b1c7148d98863773b0aa437f9\/Toster-TOWER-Scandi-800W-2-Slice-Grey-T20027G-Model-T20027G 1350w,https:\/\/a.allegroimg.com\/original\/116098\/122b1c7148d98863773b0aa437f9\/Toster-TOWER-Scandi-800W-2-Slice-Grey-T20027G-Model-T20027G 1350w\" alt=\"Toster TOWER Scandi 800W 2 Slice Grey T20027G Model T20027G\" width=\"1350px\" data-src=\"https:\/\/a.allegroimg.com\/original\/116098\/122b1c7148d98863773b0aa437f9\/Toster-TOWER-Scandi-800W-2-Slice-Grey-T20027G-Model-T20027G\" data-srcset=\"https:\/\/a.allegroimg.com\/s360\/116098\/122b1c7148d98863773b0aa437f9\/Toster-TOWER-Scandi-800W-2-Slice-Grey-T20027G-Model-T20027G 360w,https:\/\/a.allegroimg.com\/s720\/116098\/122b1c7148d98863773b0aa437f9\/Toster-TOWER-Scandi-800W-2-Slice-Grey-T20027G-Model-T20027G 720w,https:\/\/a.allegroimg.com\/s1024\/116098\/122b1c7148d98863773b0aa437f9\/Toster-TOWER-Scandi-800W-2-Slice-Grey-T20027G-Model-T20027G 1024w,https:\/\/a.allegroimg.com\/s1440\/116098\/122b1c7148d98863773b0aa437f9\/Toster-TOWER-Scandi-800W-2-Slice-Grey-T20027G-Model-T20027G 1350w,https:\/\/a.allegroimg.com\/original\/116098\/122b1c7148d98863773b0aa437f9\/Toster-TOWER-Scandi-800W-2-Slice-Grey-T20027G-Model-T20027G 1350w\" \/><\/div>\n<\/div>\n<\/div>\n<\/div>\n<div class=\"mp4t_16_s mryx_16_s mr3m_1 mli2_1 mh85_56 mh85_0_l\">\n<div class=\"mgn2_16 _0d3bd_am0a-\">\n<p><b>FUNKCJA SAMOCENTRUJ\u0104CA<\/b><\/p>\n<p>Idealnie uk\u0142adaj kromki chleba na \u015brodku tostera, r\u00f3wnomiernie grilluj\u0105c z ka\u017cdej strony, aby uzyska\u0107 ostre i chrupi\u0105ce rezultaty.<\/p>\n<\/div>\n<\/div>\n<\/div>\n<div class=\"mpof_ki myre_zn myre_8v_l m389_6m_l\">\n<div class=\"mp4t_16_s mryx_16_s mr3m_1 mli2_1 mh85_56 mh85_0_l\">\n<div class=\"mgn2_16 _0d3bd_am0a-\">\n<p><b>STYLOWY EFEKT DREWNA AKACJOWEGO<\/b><\/p>\n<p>Reprezentuje nordycki design ze wsp\u00f3\u0142czesnym uchwytem z efektem drewna akacjowego i matowym korpusem z r\u00f3\u017cowej gliny.<\/p>\n<\/div>\n<\/div>\n<div class=\"mp4t_16_s mryx_16_s mr3m_1 mli2_1 mh85_56 mh85_0_l\">\n<div class=\"mg9e_8 mj7a_8 mg9e_0_s mvrt_0_s mj7a_0_s mh36_0_s mzmg_6m munh_16_l m3h2_16_l\">\n<div class=\"mp4t_0 mryx_0 munh_56 m3h2_56\">\n<div class=\"mp7g_oh\"><img decoding=\"async\" class=\"msub_k4 mupj_5k mjru_k4 mse2_k4 mp7g_f6 mq1m_0 mj7u_0 m7er_k4 lazyloaded\" src=\"https:\/\/a.allegroimg.com\/original\/11b165\/534b5993494cbb2b778be91b9949\/Toster-TOWER-Scandi-800W-2-Slice-Grey-T20027G-Stan-opakowania-oryginalne\" sizes=\"(min-width: 1200px) 560px, (min-width: 992px) 50vw, 100vw\" srcset=\"https:\/\/a.allegroimg.com\/s360\/11b165\/534b5993494cbb2b778be91b9949\/Toster-TOWER-Scandi-800W-2-Slice-Grey-T20027G-Stan-opakowania-oryginalne 360w,https:\/\/a.allegroimg.com\/s720\/11b165\/534b5993494cbb2b778be91b9949\/Toster-TOWER-Scandi-800W-2-Slice-Grey-T20027G-Stan-opakowania-oryginalne 720w,https:\/\/a.allegroimg.com\/s1024\/11b165\/534b5993494cbb2b778be91b9949\/Toster-TOWER-Scandi-800W-2-Slice-Grey-T20027G-Stan-opakowania-oryginalne 1024w,https:\/\/a.allegroimg.com\/s1440\/11b165\/534b5993494cbb2b778be91b9949\/Toster-TOWER-Scandi-800W-2-Slice-Grey-T20027G-Stan-opakowania-oryginalne 1350w,https:\/\/a.allegroimg.com\/original\/11b165\/534b5993494cbb2b778be91b9949\/Toster-TOWER-Scandi-800W-2-Slice-Grey-T20027G-Stan-opakowania-oryginalne 1350w\" alt=\"Toster TOWER Scandi 800W 2 Slice Grey T20027G Stan opakowania oryginalne\" width=\"1350px\" data-src=\"https:\/\/a.allegroimg.com\/original\/11b165\/534b5993494cbb2b778be91b9949\/Toster-TOWER-Scandi-800W-2-Slice-Grey-T20027G-Stan-opakowania-oryginalne\" data-srcset=\"https:\/\/a.allegroimg.com\/s360\/11b165\/534b5993494cbb2b778be91b9949\/Toster-TOWER-Scandi-800W-2-Slice-Grey-T20027G-Stan-opakowania-oryginalne 360w,https:\/\/a.allegroimg.com\/s720\/11b165\/534b5993494cbb2b778be91b9949\/Toster-TOWER-Scandi-800W-2-Slice-Grey-T20027G-Stan-opakowania-oryginalne 720w,https:\/\/a.allegroimg.com\/s1024\/11b165\/534b5993494cbb2b778be91b9949\/Toster-TOWER-Scandi-800W-2-Slice-Grey-T20027G-Stan-opakowania-oryginalne 1024w,https:\/\/a.allegroimg.com\/s1440\/11b165\/534b5993494cbb2b778be91b9949\/Toster-TOWER-Scandi-800W-2-Slice-Grey-T20027G-Stan-opakowania-oryginalne 1350w,https:\/\/a.allegroimg.com\/original\/11b165\/534b5993494cbb2b778be91b9949\/Toster-TOWER-Scandi-800W-2-Slice-Grey-T20027G-Stan-opakowania-oryginalne 1350w\" \/><\/div>\n<\/div>\n<\/div>\n<\/div>\n<\/div>\n<div class=\"mpof_ki myre_zn myre_8v_l m389_6m_l\">\n<div class=\"mp4t_16_s mryx_16_s mr3m_1 mli2_1 mh85_56 mh85_0_l\">\n<div class=\"mg9e_8 mj7a_8 mg9e_0_s mvrt_0_s mj7a_0_s mh36_0_s mzmg_6m munh_16_l m3h2_16_l\">\n<div class=\"mp4t_0 mryx_0 munh_56 m3h2_56\">\n<div class=\"mp7g_oh\"><img decoding=\"async\" class=\"msub_k4 mupj_5k mjru_k4 mse2_k4 mp7g_f6 mq1m_0 mj7u_0 m7er_k4 lazyloaded\" src=\"https:\/\/a.allegroimg.com\/original\/1129c0\/e334a0354876a8b8b257f6f73a77\/Toster-TOWER-Scandi-800W-2-Slice-Grey-T20027G-Moc-800-W\" sizes=\"(min-width: 1200px) 560px, (min-width: 992px) 50vw, 100vw\" srcset=\"https:\/\/a.allegroimg.com\/s360\/1129c0\/e334a0354876a8b8b257f6f73a77\/Toster-TOWER-Scandi-800W-2-Slice-Grey-T20027G-Moc-800-W 360w,https:\/\/a.allegroimg.com\/s720\/1129c0\/e334a0354876a8b8b257f6f73a77\/Toster-TOWER-Scandi-800W-2-Slice-Grey-T20027G-Moc-800-W 720w,https:\/\/a.allegroimg.com\/s1024\/1129c0\/e334a0354876a8b8b257f6f73a77\/Toster-TOWER-Scandi-800W-2-Slice-Grey-T20027G-Moc-800-W 1024w,https:\/\/a.allegroimg.com\/s1440\/1129c0\/e334a0354876a8b8b257f6f73a77\/Toster-TOWER-Scandi-800W-2-Slice-Grey-T20027G-Moc-800-W 1350w,https:\/\/a.allegroimg.com\/original\/1129c0\/e334a0354876a8b8b257f6f73a77\/Toster-TOWER-Scandi-800W-2-Slice-Grey-T20027G-Moc-800-W 1350w\" alt=\"Toster TOWER Scandi 800W 2 Slice Grey T20027G Moc 800 W\" width=\"1350px\" data-src=\"https:\/\/a.allegroimg.com\/original\/1129c0\/e334a0354876a8b8b257f6f73a77\/Toster-TOWER-Scandi-800W-2-Slice-Grey-T20027G-Moc-800-W\" data-srcset=\"https:\/\/a.allegroimg.com\/s360\/1129c0\/e334a0354876a8b8b257f6f73a77\/Toster-TOWER-Scandi-800W-2-Slice-Grey-T20027G-Moc-800-W 360w,https:\/\/a.allegroimg.com\/s720\/1129c0\/e334a0354876a8b8b257f6f73a77\/Toster-TOWER-Scandi-800W-2-Slice-Grey-T20027G-Moc-800-W 720w,https:\/\/a.allegroimg.com\/s1024\/1129c0\/e334a0354876a8b8b257f6f73a77\/Toster-TOWER-Scandi-800W-2-Slice-Grey-T20027G-Moc-800-W 1024w,https:\/\/a.allegroimg.com\/s1440\/1129c0\/e334a0354876a8b8b257f6f73a77\/Toster-TOWER-Scandi-800W-2-Slice-Grey-T20027G-Moc-800-W 1350w,https:\/\/a.allegroimg.com\/original\/1129c0\/e334a0354876a8b8b257f6f73a77\/Toster-TOWER-Scandi-800W-2-Slice-Grey-T20027G-Moc-800-W 1350w\" \/><\/div>\n<\/div>\n<\/div>\n<\/div>\n<div class=\"mp4t_16_s mryx_16_s mr3m_1 mli2_1 mh85_56 mh85_0_l\">\n<div class=\"mgn2_16 _0d3bd_am0a-\">\n<p>&#8211; Toster na 2 kromki<\/p>\n<p>&#8211; Anuluj ustawienia rozmra\u017cania i podgrzewania<\/p>\n<p>&#8211; Funkcja samocentrowania<\/p>\n<p>&#8211; Przechowywanie przewodu<\/p>\n<p>&#8211; Wymiary przedmiotu: wys. 19,4 x szer. 29,7 x g\u0142. 17,9 cm<\/p>\n<p>&#8211; Kolor szary z akcentami imituj\u0105cymi drewno<\/p>\n<p>&#8211; Regulowana kontrola zarumienienia i czas opiekania<\/p>\n<p>&#8211; Tacka na okruchy<\/p>\n<p>&#8211; 800 W<\/p>\n<\/div>\n<\/div>\n<\/div>\n<div class=\"mpof_ki myre_zn myre_8v_l m389_6m_l\">\n<div class=\"mp4t_16_s mryx_16_s mr3m_1 mli2_1 mh85_56 mh85_0_l\">\n<div class=\"mg9e_8 mj7a_8 mg9e_0_s mvrt_0_s mj7a_0_s mh36_0_s mzmg_6m munh_16_l m3h2_16_l\">\n<div class=\"mp4t_0 mryx_0 munh_56 m3h2_56\">\n<div class=\"mp7g_oh\"><img decoding=\"async\" class=\"msub_k4 mupj_5k mjru_k4 mse2_k4 mp7g_f6 mq1m_0 mj7u_0 m7er_k4 lazyloaded\" src=\"https:\/\/a.allegroimg.com\/original\/11bffc\/7bd474264cebb266149bc61a4811\/Toster-TOWER-Scandi-800W-2-Slice-Grey-T20027G-Pojemnosc-2-tosty\" sizes=\"100vw\" srcset=\"https:\/\/a.allegroimg.com\/s360\/11bffc\/7bd474264cebb266149bc61a4811\/Toster-TOWER-Scandi-800W-2-Slice-Grey-T20027G-Pojemnosc-2-tosty 360w,https:\/\/a.allegroimg.com\/s720\/11bffc\/7bd474264cebb266149bc61a4811\/Toster-TOWER-Scandi-800W-2-Slice-Grey-T20027G-Pojemnosc-2-tosty 720w,https:\/\/a.allegroimg.com\/s1024\/11bffc\/7bd474264cebb266149bc61a4811\/Toster-TOWER-Scandi-800W-2-Slice-Grey-T20027G-Pojemnosc-2-tosty 1024w,https:\/\/a.allegroimg.com\/s1440\/11bffc\/7bd474264cebb266149bc61a4811\/Toster-TOWER-Scandi-800W-2-Slice-Grey-T20027G-Pojemnosc-2-tosty 1350w,https:\/\/a.allegroimg.com\/original\/11bffc\/7bd474264cebb266149bc61a4811\/Toster-TOWER-Scandi-800W-2-Slice-Grey-T20027G-Pojemnosc-2-tosty 1350w\" alt=\"Toster TOWER Scandi 800W 2 Slice Grey T20027G Pojemno\u015b\u0107 2 tosty\" width=\"1350px\" data-src=\"https:\/\/a.allegroimg.com\/original\/11bffc\/7bd474264cebb266149bc61a4811\/Toster-TOWER-Scandi-800W-2-Slice-Grey-T20027G-Pojemnosc-2-tosty\" data-srcset=\"https:\/\/a.allegroimg.com\/s360\/11bffc\/7bd474264cebb266149bc61a4811\/Toster-TOWER-Scandi-800W-2-Slice-Grey-T20027G-Pojemnosc-2-tosty 360w,https:\/\/a.allegroimg.com\/s720\/11bffc\/7bd474264cebb266149bc61a4811\/Toster-TOWER-Scandi-800W-2-Slice-Grey-T20027G-Pojemnosc-2-tosty 720w,https:\/\/a.allegroimg.com\/s1024\/11bffc\/7bd474264cebb266149bc61a4811\/Toster-TOWER-Scandi-800W-2-Slice-Grey-T20027G-Pojemnosc-2-tosty 1024w,https:\/\/a.allegroimg.com\/s1440\/11bffc\/7bd474264cebb266149bc61a4811\/Toster-TOWER-Scandi-800W-2-Slice-Grey-T20027G-Pojemnosc-2-tosty 1350w,https:\/\/a.allegroimg.com\/original\/11bffc\/7bd474264cebb266149bc61a4811\/Toster-TOWER-Scandi-800W-2-Slice-Grey-T20027G-Pojemnosc-2-tosty 1350w\" \/><\/div>\n<\/div>\n<\/div>\n<\/div>\n<\/div>\n","protected":false},"excerpt":{"rendered":"<p>Ciesz si\u0119 \u015bniadaniem w stylu skandynawskim dzi\u0119ki tosterowi Scandi na 2 kromki firmy Tower. Reprezentuj\u0105cy nordycki design, jego wsp\u00f3\u0142czesny kolorowy korpus z uchwytami z efektem drewna z \u0142atwo\u015bci\u0105 uzupe\u0142ni ka\u017cd\u0105 kuchni\u0119 7 KONTROLA BR\u0104ZENIA Dzi\u0119ki 7 poziomom opiekania mo\u017cesz dostosowa\u0107 pokr\u0119t\u0142o br\u0105zowienia, aby za ka\u017cdym razem uzyska\u0107 idealne tosty, odpowiadaj\u0105ce Twoim upodobaniom. ROZMRA\u017bANIE I PODGRZEWANIE [&hellip;]<\/p>\n","protected":false},"featured_media":311,"comment_status":"open","ping_status":"closed","template":"","meta":[],"product_brand":[],"product_cat":[33],"product_tag":[],"class_list":{"0":"post-310","1":"product","2":"type-product","3":"status-publish","4":"has-post-thumbnail","6":"product_cat-tostery","8":"first","9":"instock","10":"shipping-taxable","11":"purchasable","12":"product-type-simple"},"jetpack_sharing_enabled":true,"_links":{"self":[{"href":"https:\/\/www.towerpolska.pl\/index.php?rest_route=\/wp\/v2\/product\/310","targetHints":{"allow":["GET"]}}],"collection":[{"href":"https:\/\/www.towerpolska.pl\/index.php?rest_route=\/wp\/v2\/product"}],"about":[{"href":"https:\/\/www.towerpolska.pl\/index.php?rest_route=\/wp\/v2\/types\/product"}],"replies":[{"embeddable":true,"href":"https:\/\/www.towerpolska.pl\/index.php?rest_route=%2Fwp%2Fv2%2Fcomments&post=310"}],"wp:featuredmedia":[{"embeddable":true,"href":"https:\/\/www.towerpolska.pl\/index.php?rest_route=\/wp\/v2\/media\/311"}],"wp:attachment":[{"href":"https:\/\/www.towerpolska.pl\/index.php?rest_route=%2Fwp%2Fv2%2Fmedia&parent=310"}],"wp:term":[{"taxonomy":"product_brand","embeddable":true,"href":"https:\/\/www.towerpolska.pl\/index.php?rest_route=%2Fwp%2Fv2%2Fproduct_brand&post=310"},{"taxonomy":"product_cat","embeddable":true,"href":"https:\/\/www.towerpolska.pl\/index.php?rest_route=%2Fwp%2Fv2%2Fproduct_cat&post=310"},{"taxonomy":"product_tag","embeddable":true,"href":"https:\/\/www.towerpolska.pl\/index.php?rest_route=%2Fwp%2Fv2%2Fproduct_tag&post=310"}],"curies":[{"name":"wp","href":"https:\/\/api.w.org\/{rel}","templated":true}]}}